{"id":2689,"date":"2016-09-30T13:46:15","date_gmt":"2016-09-30T11:46:15","guid":{"rendered":"http:\/\/www.vie-artive.com\/en\/?page_id=2689"},"modified":"2017-01-16T18:56:53","modified_gmt":"2017-01-16T16:56:53","slug":"about","status":"publish","type":"page","link":"https:\/\/www.vie-artive.com\/en\/about\/","title":{"rendered":"About"},"content":{"rendered":"<p>[vc_row][vc_column width=&#8221;2\/3&#8243;][vc_column_text]You are <strong>curious<\/strong>, you are thirsty for surprises, you are interested in sparkling, what a luck! I do!<br \/>\n((((((((((because how to say)))))))))))<br \/>\nboredom bothers me<br \/>\ndiscoveries are endless and always rewarding.<br \/>\n<strong>Art is refreshing and nourishing since art is an expression of Life.<\/strong><br \/>\nIt is endless, but it is especially <strong>unexpected<\/strong>,<br \/>\npractice, see, share, create, it&#8217;s like riding on a roller coaster in some ways, we are afraid, we are dying to it, but we do not know how to do it, sometimes we give up and feel convince that we have missed something.[\/vc_column_text][tt_fancy_title title=&#8221;&#8220;The number of colors and forms is endless. And what about their combinations and their effects? &#8220;W. Kandinsky&#8221; subtitle=&#8221;deal with greed and love, this blog invites you to take this path&#8221;][tt_fancy_title title=&#8221;SOURCES OF INSPIRATION&#8221; subtitle=&#8221;CREATIVITY, DAILY LIFE, ECONOMY, NEWS THROUGH THE PRISM OF ART&#8221;][vc_row_inner][vc_column_inner width=&#8221;2\/3&#8243;][vc_single_image image=&#8221;544&#8243; img_size=&#8221;large&#8221;][\/vc_column_inner][vc_column_inner width=&#8221;1\/3&#8243;][vc_column_text]<strong>Rubbing to art<\/strong>, through both looking at it and practicing it, it&#8217;s probably going through our vanities to a better understanding of <strong>our identity<\/strong>.<\/p>\n<p>My way of introduction, thanks to a small personal Gif.[\/vc_column_text][\/vc_column_inner][\/vc_row_inner][vc_row_inner][vc_column_inner width=&#8221;1\/2&#8243;][vc_custom_heading text=&#8221;01- ART, A PARTNER OF MY HISTORY&#8221; font_container=&#8221;tag:h4|text_align:left&#8221; use_theme_fonts=&#8221;yes&#8221;][vc_column_text]Since 01-01-01 I work as an artist. In fact, this is wrong because if my memory is accurate, <strong>I have had an &#8220;artive&#8221;<\/strong> life since I could hold a pencil between three fingers. I have always preferred pictures to words, colors to words. Each of us has his (her) <strong>own way to describe his<\/strong> (her) feelings, and to transcribe the world he (she) lives in.<\/p>\n<p>Over 20 years of active commitment in art drive me to realize how its part is significant<strong>. Its possibilities and its virtues<\/strong> have always been huge in my daily life.<br \/>\nIn our society, normalisation, standardisation, industrialisation, globalisation are invasive, so it is important to keep or restore <strong>the ethical and civilizing role of art.<\/strong>[\/vc_column_text][\/vc_column_inner][vc_column_inner width=&#8221;1\/2&#8243;][vc_custom_heading text=&#8221;02- ART, TESTIMONY OF HUMAN\u2019S WEALTH&#8221; font_container=&#8221;tag:h4|text_align:left&#8221; use_theme_fonts=&#8221;yes&#8221;][vc_column_text]<strong>The creative potential of everyone<\/strong> can contribute day after day to get human existence more harmonious, more peaceful, freer and more united.<br \/>\nFun, spirit of discovery and exciting frenzy of creativity cheerfully <strong>lead to the blossoming of human being.<\/strong><\/p>\n<p>At least, <strong>in the creative act itself human being keeps an amazing treasure of creativity<\/strong> back from oneself just expecting to express itself and which can be released with simple means. That is why it is important to educate, to cultivate, to practice and to improve oneself in matter of art.<br \/>\nFinally <strong>the creative act<\/strong> is also a way to communicate, to share and to be present in every moment.<br \/>\nArt becomes <strong>a way of being <\/strong>somehow.[\/vc_column_text][\/vc_column_inner][\/vc_row_inner][\/vc_column][vc_column width=&#8221;1\/3&#8243;][vc_widget_sidebar sidebar_id=&#8221;sidebar-1&#8243;][\/vc_column]<a title=\"WebAnalytics\" href=\"http:\/\/www.xiti.com\/xiti.asp?s=577666\" target=\"_top\"><br \/>\n<script type=\"text\/javascript\">\n<!--\nXt_param = 's=577666&p=page_about.html';\ntry {Xt_r = top.document.referrer;}\ncatch(e) {Xt_r = document.referrer; }\nXt_h = new Date();\nXt_i = '<img width=\"80\" height=\"15\" border=\"0\" alt=\"\" '; Xt_i += 'src=\"http:\/\/logv2.xiti.com\/g.xiti?'+Xt_param; Xt_i += '&hl='+Xt_h.getHours()+'x'+Xt_h.getMinutes()+'x'+Xt_h.getSeconds(); if(parseFloat(navigator.appVersion)>=4)\n{Xt_s=screen;Xt_i+='&r='+Xt_s.width+'x'+Xt_s.height+'x'+Xt_s.pixelDepth+'x'+Xt_s.colorDepth;}\ndocument.write(Xt_i+'&ref='+Xt_r.replace(\/[<>\"]\/g, '').replace(\/&\/g, '$')+'\" title=\"Internet Audience\">');\n\/\/-->\n<\/script><br \/>\n<noscript><br \/>\nMesure d&#8217;audience ROI statistique webanalytics par <img loading=\"lazy\" decoding=\"async\" width=\"80\" height=\"15\" src=\"http:\/\/logv2.xiti.com\/g.xiti?s=577666&#038;p=page_about.html\" alt=\"WebAnalytics\" \/><br \/>\n<\/noscript><\/a><\/p>\n<p>[\/vc_row]<\/p>\n","protected":false},"excerpt":{"rendered":"<p>[vc_row][vc_column width=&#8221;2\/3&#8243;][vc_column_text]You are curious, you are thirsty for surprises, you are interested in sparkling, what a luck! I do! ((((((((((because how to say))))))))))) boredom bothers me discoveries are endless and always rewarding. Art is refreshing and nourishing since art is an expression of Life. It is endless, but it is especially unexpected, practice, see, share, [&hellip;]<a href=\"https:\/\/www.vie-artive.com\/en\/about\/\" class=\"button-md bg-black align-center read-more\">Read more<\/a><\/p>\n","protected":false},"author":1,"featured_media":0,"parent":0,"menu_order":1,"comment_status":"closed","ping_status":"closed","template":"","meta":{"footnotes":""},"class_list":["post-2689","page","type-page","status-publish","hentry"],"yoast_head":"<!-- This site is optimized with the Yoast SEO plugin v27.4 - https:\/\/yoast.com\/product\/yoast-seo-wordpress\/ -->\n<title>About - vie artive<\/title>\n<meta name=\"robots\" content=\"index, follow, max-snippet:-1, max-image-preview:large, max-video-preview:-1\" \/>\n<link rel=\"canonical\" href=\"https:\/\/www.vie-artive.com\/en\/about\/\" \/>\n<meta property=\"og:locale\" content=\"en_US\" \/>\n<meta property=\"og:type\" content=\"article\" \/>\n<meta property=\"og:title\" content=\"About - vie artive\" \/>\n<meta property=\"og:description\" content=\"[vc_row][vc_column width=&#8221;2\/3&#8243;][vc_column_text]You are curious, you are thirsty for surprises, you are interested in sparkling, what a luck! I do! ((((((((((because how to say))))))))))) boredom bothers me discoveries are endless and always rewarding. Art is refreshing and nourishing since art is an expression of Life. It is endless, but it is especially unexpected, practice, see, share, [&hellip;]Read more\" \/>\n<meta property=\"og:url\" content=\"https:\/\/www.vie-artive.com\/en\/about\/\" \/>\n<meta property=\"og:site_name\" content=\"vie artive\" \/>\n<meta property=\"article:publisher\" content=\"https:\/\/www.facebook.com\/vieartive.v.egloff\/\" \/>\n<meta property=\"article:modified_time\" content=\"2017-01-16T16:56:53+00:00\" \/>\n<meta property=\"og:image\" content=\"http:\/\/logv2.xiti.com\/g.xiti?s=577666&p=page_about.html\" \/>\n<meta name=\"twitter:card\" content=\"summary_large_image\" \/>\n<meta name=\"twitter:label1\" content=\"Est. reading time\" \/>\n\t<meta name=\"twitter:data1\" content=\"3 minutes\" \/>\n<script type=\"application\/ld+json\" class=\"yoast-schema-graph\">{\"@context\":\"https:\\\/\\\/schema.org\",\"@graph\":[{\"@type\":\"WebPage\",\"@id\":\"https:\\\/\\\/www.vie-artive.com\\\/en\\\/about\\\/\",\"url\":\"https:\\\/\\\/www.vie-artive.com\\\/en\\\/about\\\/\",\"name\":\"About - vie artive\",\"isPartOf\":{\"@id\":\"https:\\\/\\\/www.vie-artive.com\\\/#website\"},\"primaryImageOfPage\":{\"@id\":\"https:\\\/\\\/www.vie-artive.com\\\/en\\\/about\\\/#primaryimage\"},\"image\":{\"@id\":\"https:\\\/\\\/www.vie-artive.com\\\/en\\\/about\\\/#primaryimage\"},\"thumbnailUrl\":\"http:\\\/\\\/logv2.xiti.com\\\/g.xiti?s=577666&p=page_about.html\",\"datePublished\":\"2016-09-30T11:46:15+00:00\",\"dateModified\":\"2017-01-16T16:56:53+00:00\",\"breadcrumb\":{\"@id\":\"https:\\\/\\\/www.vie-artive.com\\\/en\\\/about\\\/#breadcrumb\"},\"inLanguage\":\"en-US\",\"potentialAction\":[{\"@type\":\"ReadAction\",\"target\":[\"https:\\\/\\\/www.vie-artive.com\\\/en\\\/about\\\/\"]}]},{\"@type\":\"ImageObject\",\"inLanguage\":\"en-US\",\"@id\":\"https:\\\/\\\/www.vie-artive.com\\\/en\\\/about\\\/#primaryimage\",\"url\":\"http:\\\/\\\/logv2.xiti.com\\\/g.xiti?s=577666&p=page_about.html\",\"contentUrl\":\"http:\\\/\\\/logv2.xiti.com\\\/g.xiti?s=577666&p=page_about.html\"},{\"@type\":\"BreadcrumbList\",\"@id\":\"https:\\\/\\\/www.vie-artive.com\\\/en\\\/about\\\/#breadcrumb\",\"itemListElement\":[{\"@type\":\"ListItem\",\"position\":1,\"name\":\"Accueil\",\"item\":\"https:\\\/\\\/www.vie-artive.com\\\/en\\\/\"},{\"@type\":\"ListItem\",\"position\":2,\"name\":\"About\"}]},{\"@type\":\"WebSite\",\"@id\":\"https:\\\/\\\/www.vie-artive.com\\\/#website\",\"url\":\"https:\\\/\\\/www.vie-artive.com\\\/\",\"name\":\"vie artive\",\"description\":\"art visuel-cr\u00e9ativit\u00e9-soci\u00e9t\u00e9\",\"potentialAction\":[{\"@type\":\"SearchAction\",\"target\":{\"@type\":\"EntryPoint\",\"urlTemplate\":\"https:\\\/\\\/www.vie-artive.com\\\/?s={search_term_string}\"},\"query-input\":{\"@type\":\"PropertyValueSpecification\",\"valueRequired\":true,\"valueName\":\"search_term_string\"}}],\"inLanguage\":\"en-US\"}]}<\/script>\n<!-- \/ Yoast SEO plugin. -->","yoast_head_json":{"title":"About - vie artive","robots":{"index":"index","follow":"follow","max-snippet":"max-snippet:-1","max-image-preview":"max-image-preview:large","max-video-preview":"max-video-preview:-1"},"canonical":"https:\/\/www.vie-artive.com\/en\/about\/","og_locale":"en_US","og_type":"article","og_title":"About - vie artive","og_description":"[vc_row][vc_column width=&#8221;2\/3&#8243;][vc_column_text]You are curious, you are thirsty for surprises, you are interested in sparkling, what a luck! I do! ((((((((((because how to say))))))))))) boredom bothers me discoveries are endless and always rewarding. Art is refreshing and nourishing since art is an expression of Life. It is endless, but it is especially unexpected, practice, see, share, [&hellip;]Read more","og_url":"https:\/\/www.vie-artive.com\/en\/about\/","og_site_name":"vie artive","article_publisher":"https:\/\/www.facebook.com\/vieartive.v.egloff\/","article_modified_time":"2017-01-16T16:56:53+00:00","og_image":[{"url":"http:\/\/logv2.xiti.com\/g.xiti?s=577666&p=page_about.html","type":"","width":"","height":""}],"twitter_card":"summary_large_image","twitter_misc":{"Est. reading time":"3 minutes"},"schema":{"@context":"https:\/\/schema.org","@graph":[{"@type":"WebPage","@id":"https:\/\/www.vie-artive.com\/en\/about\/","url":"https:\/\/www.vie-artive.com\/en\/about\/","name":"About - vie artive","isPartOf":{"@id":"https:\/\/www.vie-artive.com\/#website"},"primaryImageOfPage":{"@id":"https:\/\/www.vie-artive.com\/en\/about\/#primaryimage"},"image":{"@id":"https:\/\/www.vie-artive.com\/en\/about\/#primaryimage"},"thumbnailUrl":"http:\/\/logv2.xiti.com\/g.xiti?s=577666&p=page_about.html","datePublished":"2016-09-30T11:46:15+00:00","dateModified":"2017-01-16T16:56:53+00:00","breadcrumb":{"@id":"https:\/\/www.vie-artive.com\/en\/about\/#breadcrumb"},"inLanguage":"en-US","potentialAction":[{"@type":"ReadAction","target":["https:\/\/www.vie-artive.com\/en\/about\/"]}]},{"@type":"ImageObject","inLanguage":"en-US","@id":"https:\/\/www.vie-artive.com\/en\/about\/#primaryimage","url":"http:\/\/logv2.xiti.com\/g.xiti?s=577666&p=page_about.html","contentUrl":"http:\/\/logv2.xiti.com\/g.xiti?s=577666&p=page_about.html"},{"@type":"BreadcrumbList","@id":"https:\/\/www.vie-artive.com\/en\/about\/#breadcrumb","itemListElement":[{"@type":"ListItem","position":1,"name":"Accueil","item":"https:\/\/www.vie-artive.com\/en\/"},{"@type":"ListItem","position":2,"name":"About"}]},{"@type":"WebSite","@id":"https:\/\/www.vie-artive.com\/#website","url":"https:\/\/www.vie-artive.com\/","name":"vie artive","description":"art visuel-cr\u00e9ativit\u00e9-soci\u00e9t\u00e9","potentialAction":[{"@type":"SearchAction","target":{"@type":"EntryPoint","urlTemplate":"https:\/\/www.vie-artive.com\/?s={search_term_string}"},"query-input":{"@type":"PropertyValueSpecification","valueRequired":true,"valueName":"search_term_string"}}],"inLanguage":"en-US"}]}},"_links":{"self":[{"href":"https:\/\/www.vie-artive.com\/en\/wp-json\/wp\/v2\/pages\/2689","targetHints":{"allow":["GET"]}}],"collection":[{"href":"https:\/\/www.vie-artive.com\/en\/wp-json\/wp\/v2\/pages"}],"about":[{"href":"https:\/\/www.vie-artive.com\/en\/wp-json\/wp\/v2\/types\/page"}],"author":[{"embeddable":true,"href":"https:\/\/www.vie-artive.com\/en\/wp-json\/wp\/v2\/users\/1"}],"replies":[{"embeddable":true,"href":"https:\/\/www.vie-artive.com\/en\/wp-json\/wp\/v2\/comments?post=2689"}],"version-history":[{"count":4,"href":"https:\/\/www.vie-artive.com\/en\/wp-json\/wp\/v2\/pages\/2689\/revisions"}],"predecessor-version":[{"id":3963,"href":"https:\/\/www.vie-artive.com\/en\/wp-json\/wp\/v2\/pages\/2689\/revisions\/3963"}],"wp:attachment":[{"href":"https:\/\/www.vie-artive.com\/en\/wp-json\/wp\/v2\/media?parent=2689"}],"curies":[{"name":"wp","href":"https:\/\/api.w.org\/{rel}","templated":true}]}}