{"id":2710,"date":"2016-09-30T15:07:43","date_gmt":"2016-09-30T13:07:43","guid":{"rendered":"http:\/\/www.vie-artive.com\/en\/?page_id=2710"},"modified":"2020-03-02T13:07:22","modified_gmt":"2020-03-02T11:07:22","slug":"where-to-start","status":"publish","type":"page","link":"https:\/\/www.vie-artive.com\/en\/where-to-start\/","title":{"rendered":"Where to start"},"content":{"rendered":"<p>[vc_row][vc_column width=&#8221;2\/3&#8243;][vc_column_text]<\/p>\n<h4><span style=\"color: #ff6600;\">Primarily this blog is a stirrer or a facilitator of creativity.<\/span><\/h4>\n<p>&#8220;Where to start?&#8221;. The first challenge is to know whether art calls upon you, if art is one of your passions, <strong>if to put art in your daily life is significant<\/strong>. To clarify these points, let us ask the issue:<\/p>\n<h2>What provides an artistic experiment exactly?<\/h2>\n<p><img loading=\"lazy\" decoding=\"async\" class=\"wp-image-1108 size-full alignleft\" src=\"http:\/\/www.vie-artive.com\/wp-content\/uploads\/2016\/04\/image-mapping.jpg\" alt=\"\" width=\"471\" height=\"600\" srcset=\"https:\/\/www.vie-artive.com\/wp-content\/uploads\/2016\/04\/image-mapping.jpg 471w, https:\/\/www.vie-artive.com\/wp-content\/uploads\/2016\/04\/image-mapping-236x300.jpg 236w\" sizes=\"auto, (max-width: 471px) 100vw, 471px\" \/><\/p>\n<p><em>(Stories that give meaning)<\/em><\/p>\n<p>Diving into one\u2019s own personal artistic experiments or those of others, means to wander from <strong>little pleasures &#8230;to great personal achievements.<br \/>\n<\/strong><\/p>\n<p>One day, <strong>after 20 years of personal artistic creations<\/strong> and of sharing this experience with <strong>all kinds of public<\/strong>, I have decided to ask me the following issues:<\/p>\n<blockquote>\n<h4>Why am I so fond of artistic experiments? Why do I need so much to have <em>&#8220;an artive life&#8221;<\/em>?<\/h4>\n<\/blockquote>\n<p>The aim is to go thoroughly into this complex subject.<br \/>\nThere is <strong>a powerful technique<\/strong> to do this sort of research.<br \/>\nWe must take a blank page, put our issue in its centre, follow the associative pathways of one\u2019s brain from the centre, let us be carried away without reluctance, without opposition and without judgment. Just take down all tracks that spring up. Bit by bit, we draw a beautiful arborescence, an actual scan of the subject!<br \/>\nThis is a <strong>mind map<\/strong>. Definitely it is an earnest and easy tool to implement and in addition it is perfect <strong>TO BE MORE CLEAR-SIGHTED<\/strong>.<\/p>\n<p><img loading=\"lazy\" decoding=\"async\" class=\"wp-image-629 size-full alignright\" src=\"http:\/\/www.vie-artive.com\/wp-content\/uploads\/2015\/09\/mind-map-isaac-newton.jpg\" alt=\"une mind-map d'isaac newton\" width=\"350\" height=\"551\" srcset=\"https:\/\/www.vie-artive.com\/wp-content\/uploads\/2015\/09\/mind-map-isaac-newton.jpg 350w, https:\/\/www.vie-artive.com\/wp-content\/uploads\/2015\/09\/mind-map-isaac-newton-191x300.jpg 191w\" sizes=\"auto, (max-width: 350px) 100vw, 350px\" \/><\/p>\n<blockquote>\n<p style=\"padding-left: 30px;\">It&#8217;s so convenient and it is <strong>CREATIVE<\/strong>. Loads of famous people have used this tool with great success to achieve their works (Darwin, Newton, Vinci, Disney and many others).<br \/>\nSee opposite <strong>an Isaac Newton\u2019s mind map<\/strong>.<\/p>\n<\/blockquote>\n<p>This approach drives me to a much more modest mind map (see below). However very informative. Actually, it has been given to me the idea of this blog which precisely speaks of <strong>&#8220;Vie Artive&#8221;<\/strong> (which means &#8220;Artive Life&#8221;).<br \/>\nWithin one hour of thinking, here are all the possible tracks of the blog.<\/p>\n<h2><span style=\"color: #ff6600;\">Why put art in your life?<\/span><\/h2>\n<p>If, like me, you are fond of <strong>visual arts<\/strong>, do this exercise and you will understand why it is crucial to live on art.<br \/>\nIf you notice some similarities with your own experiences in artistic experience, then we should come a long way together.<\/p>\n<p><img loading=\"lazy\" decoding=\"async\" class=\"alignnone wp-image-933 size-full\" src=\"http:\/\/www.vie-artive.com\/wp-content\/uploads\/2015\/09\/mapping2.jpg\" alt=\"\" width=\"1500\" height=\"1100\" srcset=\"https:\/\/www.vie-artive.com\/wp-content\/uploads\/2015\/09\/mapping2.jpg 1500w, https:\/\/www.vie-artive.com\/wp-content\/uploads\/2015\/09\/mapping2-300x220.jpg 300w, https:\/\/www.vie-artive.com\/wp-content\/uploads\/2015\/09\/mapping2-768x563.jpg 768w, https:\/\/www.vie-artive.com\/wp-content\/uploads\/2015\/09\/mapping2-1024x751.jpg 1024w\" sizes=\"auto, (max-width: 1500px) 100vw, 1500px\" \/><\/p>\n<blockquote><p><em>Because creating artistically is accurately the same as creating all things in our own life, <strong>it is worthwhile to develop our overall creative skills through any artistic expression.<\/strong> Our darings, our breakthroughs, our progresses, our curiosity in each other, our confidence due to this kind of practice will have <strong>huge impacts on our lives.<br \/>\n<\/strong>And above all, with <strong>artistic passion<\/strong>, it is now impossible <strong>to get bored<\/strong>.<br \/>\n<\/em><\/p><\/blockquote>\n<p>If any doubt, use the technique of mind map, there is always a successful outcome. And you just need a sheet and a pencil.<\/p>\n<p>So if, like me, you are fond of artistic experiences, browse posts of this blog, I am sure that you should be challenged by some creative ideas. It talks about <strong>all kinds of artistic experiments.<\/strong> My blog tracks down artistic paths already experimented with various attendees. I hope it will get <strong>inspiring for your own creativity.<br \/>\n<\/strong><\/p>\n<blockquote><p><strong>Creativity is contagious, so share it. Albert Einstein<\/strong><\/p><\/blockquote>\n<h2><span style=\"color: #ff6600;\">This is what I propose to do regularly with Vie Artive.<\/span><\/h2>\n<p><span style=\"border-radius: 2px; text-indent: 20px; width: auto; padding: 0px 4px 0px 0px; text-align: center; font: bold 11px\/20px 'Helvetica Neue',Helvetica,sans-serif; color: #ffffff; background: #bd081c no-repeat scroll 3px 50% \/ 14px 14px; position: absolute; opacity: 1; z-index: 8675309; display: none; cursor: pointer; top: 2467px; left: 20px;\">Enregistrer<\/span><\/p>\n<p><span style=\"border-radius: 2px; text-indent: 20px; width: auto; padding: 0px 4px 0px 0px; text-align: center; font: bold 11px\/20px 'Helvetica Neue',Helvetica,sans-serif; color: #ffffff; background: #bd081c no-repeat scroll 3px 50% \/ 14px 14px; position: absolute; opacity: 1; z-index: 8675309; display: none; cursor: pointer; top: 1591px; left: 20px;\">Enregistrer<\/span><\/p>\n<p><span style=\"border-radius: 2px; text-indent: 20px; width: auto; padding: 0px 4px 0px 0px; text-align: center; font: bold 11px\/20px 'Helvetica Neue',Helvetica,sans-serif; color: #ffffff; background: #bd081c no-repeat scroll 3px 50% \/ 14px 14px; position: absolute; opacity: 1; z-index: 8675309; display: none; cursor: pointer; top: 208px; left: 20px;\">Enregistrer<\/span><\/p>\n<p><span style=\"border-radius: 2px; text-indent: 20px; width: auto; padding: 0px 4px 0px 0px; text-align: center; font: bold 11px\/20px 'Helvetica Neue',Helvetica,sans-serif; color: #ffffff; background: #bd081c no-repeat scroll 3px 50% \/ 14px 14px; position: absolute; opacity: 1; z-index: 8675309; display: none; cursor: pointer; top: 1011px; left: 395px;\">Enregistrer<\/span><\/p>\n<p><span style=\"border-radius: 2px; text-indent: 20px; width: auto; padding: 0px 4px 0px 0px; text-align: center; font: bold 11px\/20px 'Helvetica Neue',Helvetica,sans-serif; color: #ffffff; background: #bd081c no-repeat scroll 3px 50% \/ 14px 14px; position: absolute; opacity: 1; z-index: 8675309; display: none; cursor: pointer; top: 1506px; left: 20px;\">Enregistrer<\/span><\/p>\n<p><span style=\"border-radius: 2px; text-indent: 20px; width: auto; padding: 0px 4px 0px 0px; text-align: center; font: bold 11px\/20px 'Helvetica Neue',Helvetica,sans-serif; color: #ffffff; background: #bd081c no-repeat scroll 3px 50% \/ 14px 14px; position: absolute; opacity: 1; z-index: 8675309; display: none; cursor: pointer; top: 1482px; left: 20px;\">Enregistrer<\/span><\/p>\n<p><span style=\"border-radius: 2px; text-indent: 20px; width: auto; padding: 0px 4px 0px 0px; text-align: center; font: bold 11px\/20px 'Helvetica Neue',Helvetica,sans-serif; color: #ffffff; background: #bd081c no-repeat scroll 3px 50% \/ 14px 14px; position: absolute; opacity: 1; z-index: 8675309; display: none; cursor: pointer; top: 1482px; left: 20px;\">Enregistrer<\/span><\/p>\n<p><span style=\"border-radius: 2px; text-indent: 20px; width: auto; padding: 0px 4px 0px 0px; text-align: center; font: bold 11px\/20px 'Helvetica Neue',Helvetica,sans-serif; color: #ffffff; background: #bd081c no-repeat scroll 3px 50% \/ 14px 14px; position: absolute; opacity: 1; z-index: 8675309; display: none; cursor: pointer;\">Enregistrer<\/span><\/p>\n<p><span style=\"border-radius: 2px; text-indent: 20px; width: auto; padding: 0px 4px 0px 0px; text-align: center; font: bold 11px\/20px 'Helvetica Neue',Helvetica,sans-serif; color: #ffffff; background: #bd081c no-repeat scroll 3px 50% \/ 14px 14px; position: absolute; opacity: 1; z-index: 8675309; display: none; cursor: pointer;\">Enregistrer<\/span><\/p>\n<p><span style=\"border-radius: 2px; text-indent: 20px; width: auto; padding: 0px 4px 0px 0px; text-align: center; font: bold 11px\/20px 'Helvetica Neue',Helvetica,sans-serif; color: #ffffff; background: #bd081c no-repeat scroll 3px 50% \/ 14px 14px; position: absolute; opacity: 1; z-index: 8675309; display: none; cursor: pointer; top: 1235px; left: 268px;\">Enregistrer<\/span><\/p>\n<p><span style=\"border-radius: 2px; text-indent: 20px; width: auto; padding: 0px 4px 0px 0px; text-align: center; font: bold 11px\/20px 'Helvetica Neue',Helvetica,sans-serif; color: #ffffff; background: #bd081c no-repeat scroll 3px 50% \/ 14px 14px; position: absolute; opacity: 1; z-index: 8675309; display: none; cursor: pointer; top: 1983px; left: 20px;\">Enregistrer<\/span>[\/vc_column_text][\/vc_column][vc_column width=&#8221;1\/3&#8243;][vc_widget_sidebar sidebar_id=&#8221;sidebar-1&#8243;][\/vc_column][\/vc_row][vc_row][vc_column][vc_column_text]<\/p>\n<p><span style=\"border-radius: 2px; text-indent: 20px; width: auto; padding: 0px 4px 0px 0px; text-align: center; font: bold 11px\/20px 'Helvetica Neue',Helvetica,sans-serif; color: #ffffff; background: #bd081c no-repeat scroll 3px 50% \/ 14px 14px; position: absolute; opacity: 1; z-index: 8675309; display: none; cursor: pointer;\">Enregistrer<\/span>[\/vc_column_text][\/vc_column]<\/p>\n<p><a title=\"WebAnalytics\" href=\"http:\/\/www.xiti.com\/xiti.asp?s=577666\" target=\"_top\" rel=\"noopener noreferrer\"><br \/>\n<script type=\"text\/javascript\"><br \/>\n<!--\nXt_param = 's=577666&p=page_where_to_start.html';\ntry {Xt_r = top.document.referrer;}\ncatch(e) {Xt_r = document.referrer; }\nXt_h = new Date();\nXt_i = '<img width=\"80\" height=\"15\" border=\"0\" alt=\"\" ';\nXt_i += 'src=\"http:\/\/logv2.xiti.com\/g.xiti?'+Xt_param;\nXt_i += '&hl='+Xt_h.getHours()+'x'+Xt_h.getMinutes()+'x'+Xt_h.getSeconds();\nif(parseFloat(navigator.appVersion)>=4)\n{Xt_s=screen;Xt_i+='&r='+Xt_s.width+'x'+Xt_s.height+'x'+Xt_s.pixelDepth+'x'+Xt_s.colorDepth;}\ndocument.write(Xt_i+'&ref='+Xt_r.replace(\/[<>\"]\/g, '').replace(\/&\/g, '$')+'\" title=\"Internet Audience\">');\n\/\/--><br \/>\n<\/script><br \/>\n<noscript><br \/>\nMesure d&#8217;audience ROI statistique webanalytics par <img loading=\"lazy\" decoding=\"async\" width=\"80\" height=\"15\" src=\"http:\/\/logv2.xiti.com\/g.xiti?s=577666&#038;p=page_where_to_start.html\" alt=\"WebAnalytics\" \/><br \/>\n<\/noscript><\/a><\/p>\n<p>[\/vc_row]<\/p>\n<p><span style=\"border-radius: 2px; text-indent: 20px; width: auto; padding: 0px 4px 0px 0px; text-align: center; font: bold 11px\/20px 'Helvetica Neue',Helvetica,sans-serif; color: #ffffff; background: #bd081c no-repeat scroll 3px 50% \/ 14px 14px; position: absolute; opacity: 1; z-index: 8675309; display: none; cursor: pointer; top: 1436px; left: 20px;\">Enregistrer<\/span><\/p>\n<p><span style=\"border-radius: 2px; text-indent: 20px; width: auto; padding: 0px 4px 0px 0px; text-align: center; font: bold 11px\/20px 'Helvetica Neue',Helvetica,sans-serif; color: #ffffff; background: #bd081c  no-repeat scroll 3px 50% \/ 14px 14px; position: absolute; opacity: 1; z-index: 8675309; display: none; cursor: pointer;\">Enregistrer<\/span><\/p>\n","protected":false},"excerpt":{"rendered":"<p>[vc_row][vc_column width=&#8221;2\/3&#8243;][vc_column_text] Primarily this blog is a stirrer or a facilitator of creativity. &#8220;Where to start?&#8221;. The first challenge is to know whether art calls upon you, if art is one of your passions, if to put art in your daily life is significant. To clarify these points, let us ask the issue: What provides [&hellip;]<a href=\"https:\/\/www.vie-artive.com\/en\/where-to-start\/\" class=\"button-md bg-black align-center read-more\">Read more<\/a><\/p>\n","protected":false},"author":1,"featured_media":0,"parent":0,"menu_order":0,"comment_status":"closed","ping_status":"closed","template":"","meta":{"footnotes":""},"class_list":["post-2710","page","type-page","status-publish","hentry"],"yoast_head":"<!-- This site is optimized with the Yoast SEO plugin v27.4 - https:\/\/yoast.com\/product\/yoast-seo-wordpress\/ -->\n<title>Where to start - vie artive<\/title>\n<meta name=\"robots\" content=\"index, follow, max-snippet:-1, max-image-preview:large, max-video-preview:-1\" \/>\n<link rel=\"canonical\" href=\"https:\/\/www.vie-artive.com\/en\/where-to-start\/\" \/>\n<meta property=\"og:locale\" content=\"en_US\" \/>\n<meta property=\"og:type\" content=\"article\" \/>\n<meta property=\"og:title\" content=\"Where to start - vie artive\" \/>\n<meta property=\"og:description\" content=\"[vc_row][vc_column width=&#8221;2\/3&#8243;][vc_column_text] Primarily this blog is a stirrer or a facilitator of creativity. &#8220;Where to start?&#8221;. The first challenge is to know whether art calls upon you, if art is one of your passions, if to put art in your daily life is significant. To clarify these points, let us ask the issue: What provides [&hellip;]Read more\" \/>\n<meta property=\"og:url\" content=\"https:\/\/www.vie-artive.com\/en\/where-to-start\/\" \/>\n<meta property=\"og:site_name\" content=\"vie artive\" \/>\n<meta property=\"article:publisher\" content=\"https:\/\/www.facebook.com\/vieartive.v.egloff\/\" \/>\n<meta property=\"article:modified_time\" content=\"2020-03-02T11:07:22+00:00\" \/>\n<meta property=\"og:image\" content=\"http:\/\/www.vie-artive.com\/wp-content\/uploads\/2016\/04\/image-mapping.jpg\" \/>\n<meta name=\"twitter:card\" content=\"summary_large_image\" \/>\n<meta name=\"twitter:label1\" content=\"Est. reading time\" \/>\n\t<meta name=\"twitter:data1\" content=\"3 minutes\" \/>\n<script type=\"application\/ld+json\" class=\"yoast-schema-graph\">{\"@context\":\"https:\\\/\\\/schema.org\",\"@graph\":[{\"@type\":\"WebPage\",\"@id\":\"https:\\\/\\\/www.vie-artive.com\\\/en\\\/where-to-start\\\/\",\"url\":\"https:\\\/\\\/www.vie-artive.com\\\/en\\\/where-to-start\\\/\",\"name\":\"Where to start - vie artive\",\"isPartOf\":{\"@id\":\"https:\\\/\\\/www.vie-artive.com\\\/#website\"},\"primaryImageOfPage\":{\"@id\":\"https:\\\/\\\/www.vie-artive.com\\\/en\\\/where-to-start\\\/#primaryimage\"},\"image\":{\"@id\":\"https:\\\/\\\/www.vie-artive.com\\\/en\\\/where-to-start\\\/#primaryimage\"},\"thumbnailUrl\":\"http:\\\/\\\/www.vie-artive.com\\\/wp-content\\\/uploads\\\/2016\\\/04\\\/image-mapping.jpg\",\"datePublished\":\"2016-09-30T13:07:43+00:00\",\"dateModified\":\"2020-03-02T11:07:22+00:00\",\"breadcrumb\":{\"@id\":\"https:\\\/\\\/www.vie-artive.com\\\/en\\\/where-to-start\\\/#breadcrumb\"},\"inLanguage\":\"en-US\",\"potentialAction\":[{\"@type\":\"ReadAction\",\"target\":[\"https:\\\/\\\/www.vie-artive.com\\\/en\\\/where-to-start\\\/\"]}]},{\"@type\":\"ImageObject\",\"inLanguage\":\"en-US\",\"@id\":\"https:\\\/\\\/www.vie-artive.com\\\/en\\\/where-to-start\\\/#primaryimage\",\"url\":\"http:\\\/\\\/www.vie-artive.com\\\/wp-content\\\/uploads\\\/2016\\\/04\\\/image-mapping.jpg\",\"contentUrl\":\"http:\\\/\\\/www.vie-artive.com\\\/wp-content\\\/uploads\\\/2016\\\/04\\\/image-mapping.jpg\"},{\"@type\":\"BreadcrumbList\",\"@id\":\"https:\\\/\\\/www.vie-artive.com\\\/en\\\/where-to-start\\\/#breadcrumb\",\"itemListElement\":[{\"@type\":\"ListItem\",\"position\":1,\"name\":\"Accueil\",\"item\":\"https:\\\/\\\/www.vie-artive.com\\\/en\\\/\"},{\"@type\":\"ListItem\",\"position\":2,\"name\":\"Where to start\"}]},{\"@type\":\"WebSite\",\"@id\":\"https:\\\/\\\/www.vie-artive.com\\\/#website\",\"url\":\"https:\\\/\\\/www.vie-artive.com\\\/\",\"name\":\"vie artive\",\"description\":\"art visuel-cr\u00e9ativit\u00e9-soci\u00e9t\u00e9\",\"potentialAction\":[{\"@type\":\"SearchAction\",\"target\":{\"@type\":\"EntryPoint\",\"urlTemplate\":\"https:\\\/\\\/www.vie-artive.com\\\/?s={search_term_string}\"},\"query-input\":{\"@type\":\"PropertyValueSpecification\",\"valueRequired\":true,\"valueName\":\"search_term_string\"}}],\"inLanguage\":\"en-US\"}]}<\/script>\n<!-- \/ Yoast SEO plugin. -->","yoast_head_json":{"title":"Where to start - vie artive","robots":{"index":"index","follow":"follow","max-snippet":"max-snippet:-1","max-image-preview":"max-image-preview:large","max-video-preview":"max-video-preview:-1"},"canonical":"https:\/\/www.vie-artive.com\/en\/where-to-start\/","og_locale":"en_US","og_type":"article","og_title":"Where to start - vie artive","og_description":"[vc_row][vc_column width=&#8221;2\/3&#8243;][vc_column_text] Primarily this blog is a stirrer or a facilitator of creativity. &#8220;Where to start?&#8221;. The first challenge is to know whether art calls upon you, if art is one of your passions, if to put art in your daily life is significant. To clarify these points, let us ask the issue: What provides [&hellip;]Read more","og_url":"https:\/\/www.vie-artive.com\/en\/where-to-start\/","og_site_name":"vie artive","article_publisher":"https:\/\/www.facebook.com\/vieartive.v.egloff\/","article_modified_time":"2020-03-02T11:07:22+00:00","og_image":[{"url":"http:\/\/www.vie-artive.com\/wp-content\/uploads\/2016\/04\/image-mapping.jpg","type":"","width":"","height":""}],"twitter_card":"summary_large_image","twitter_misc":{"Est. reading time":"3 minutes"},"schema":{"@context":"https:\/\/schema.org","@graph":[{"@type":"WebPage","@id":"https:\/\/www.vie-artive.com\/en\/where-to-start\/","url":"https:\/\/www.vie-artive.com\/en\/where-to-start\/","name":"Where to start - vie artive","isPartOf":{"@id":"https:\/\/www.vie-artive.com\/#website"},"primaryImageOfPage":{"@id":"https:\/\/www.vie-artive.com\/en\/where-to-start\/#primaryimage"},"image":{"@id":"https:\/\/www.vie-artive.com\/en\/where-to-start\/#primaryimage"},"thumbnailUrl":"http:\/\/www.vie-artive.com\/wp-content\/uploads\/2016\/04\/image-mapping.jpg","datePublished":"2016-09-30T13:07:43+00:00","dateModified":"2020-03-02T11:07:22+00:00","breadcrumb":{"@id":"https:\/\/www.vie-artive.com\/en\/where-to-start\/#breadcrumb"},"inLanguage":"en-US","potentialAction":[{"@type":"ReadAction","target":["https:\/\/www.vie-artive.com\/en\/where-to-start\/"]}]},{"@type":"ImageObject","inLanguage":"en-US","@id":"https:\/\/www.vie-artive.com\/en\/where-to-start\/#primaryimage","url":"http:\/\/www.vie-artive.com\/wp-content\/uploads\/2016\/04\/image-mapping.jpg","contentUrl":"http:\/\/www.vie-artive.com\/wp-content\/uploads\/2016\/04\/image-mapping.jpg"},{"@type":"BreadcrumbList","@id":"https:\/\/www.vie-artive.com\/en\/where-to-start\/#breadcrumb","itemListElement":[{"@type":"ListItem","position":1,"name":"Accueil","item":"https:\/\/www.vie-artive.com\/en\/"},{"@type":"ListItem","position":2,"name":"Where to start"}]},{"@type":"WebSite","@id":"https:\/\/www.vie-artive.com\/#website","url":"https:\/\/www.vie-artive.com\/","name":"vie artive","description":"art visuel-cr\u00e9ativit\u00e9-soci\u00e9t\u00e9","potentialAction":[{"@type":"SearchAction","target":{"@type":"EntryPoint","urlTemplate":"https:\/\/www.vie-artive.com\/?s={search_term_string}"},"query-input":{"@type":"PropertyValueSpecification","valueRequired":true,"valueName":"search_term_string"}}],"inLanguage":"en-US"}]}},"_links":{"self":[{"href":"https:\/\/www.vie-artive.com\/en\/wp-json\/wp\/v2\/pages\/2710","targetHints":{"allow":["GET"]}}],"collection":[{"href":"https:\/\/www.vie-artive.com\/en\/wp-json\/wp\/v2\/pages"}],"about":[{"href":"https:\/\/www.vie-artive.com\/en\/wp-json\/wp\/v2\/types\/page"}],"author":[{"embeddable":true,"href":"https:\/\/www.vie-artive.com\/en\/wp-json\/wp\/v2\/users\/1"}],"replies":[{"embeddable":true,"href":"https:\/\/www.vie-artive.com\/en\/wp-json\/wp\/v2\/comments?post=2710"}],"version-history":[{"count":8,"href":"https:\/\/www.vie-artive.com\/en\/wp-json\/wp\/v2\/pages\/2710\/revisions"}],"predecessor-version":[{"id":5923,"href":"https:\/\/www.vie-artive.com\/en\/wp-json\/wp\/v2\/pages\/2710\/revisions\/5923"}],"wp:attachment":[{"href":"https:\/\/www.vie-artive.com\/en\/wp-json\/wp\/v2\/media?parent=2710"}],"curies":[{"name":"wp","href":"https:\/\/api.w.org\/{rel}","templated":true}]}}