{"id":2824,"date":"2016-10-03T12:50:45","date_gmt":"2016-10-03T10:50:45","guid":{"rendered":"http:\/\/www.vie-artive.com\/en\/?page_id=2824"},"modified":"2017-03-18T17:54:14","modified_gmt":"2017-03-18T15:54:14","slug":"home1","status":"publish","type":"page","link":"https:\/\/www.vie-artive.com\/en\/home1\/","title":{"rendered":"Home"},"content":{"rendered":"<p>[vc_row][vc_column][vc_basic_grid post_type=&#8221;post&#8221; max_items=&#8221;&#8221; style=&#8221;pagination&#8221; items_per_page=&#8221;8&#8243; element_width=&#8221;3&#8243; gap=&#8221;0&#8243; paging_color=&#8221;chino&#8221; item=&#8221;400&#8243; grid_id=&#8221;vc_gid:1489852071778-eab7287f-80f6-7&#8243;][tt_fancy_title title=&#8221;why this blog&#8221; subtitle=&#8221;&#8220;Always imagine your work as an opening to the world.&#8220; L\u00e9onard de Vinci&#8221;][tt_tabs_icon tab_items=&#8221;%5B%7B%22tab_title%22%3A%22For%20who%3F%22%2C%22icon_type%22%3A%22ionicon%22%2C%22icon_fontawesome%22%3A%22fa%20fa-adjust%22%2C%22icon_openiconic%22%3A%22vc-oi%20vc-oi-dial%22%2C%22icon_typicons%22%3A%22typcn%20typcn-adjust-brightness%22%2C%22icon_entypo%22%3A%22entypo-icon%20entypo-icon-note%22%2C%22icon_linecons%22%3A%22vc_li%20vc_li-heart%22%2C%22icon_ionicon%22%3A%22ios-people-outline%22%2C%22icon_color%22%3A%22%23e2e540%22%2C%22icon_size%22%3A%2248%22%2C%22tab_content%22%3A%22How%20can%20we%20talk%20about%20somebody%20who%20is%20fond%20of%20artistic%20creation%3F%5CnHere%20is%20an%20attempt%20of%20portraits%20from%20people%20I%20have%20met%3A%5Cn%5CnCheerful%2C%5CnBenevolent%2C%5CnEnlightened%2C%5CnUnselfish%2C%5CnSolidary%2C%5CnCompassionate%E2%80%A6beings.%5Cn%22%7D%2C%7B%22tab_title%22%3A%22why%20%3F%22%2C%22icon_type%22%3A%22ionicon%22%2C%22icon_fontawesome%22%3A%22fa%20fa-adjust%22%2C%22icon_openiconic%22%3A%22vc-oi%20vc-oi-dial%22%2C%22icon_typicons%22%3A%22typcn%20typcn-adjust-brightness%22%2C%22icon_entypo%22%3A%22entypo-icon%20entypo-icon-note%22%2C%22icon_linecons%22%3A%22vc_li%20vc_li-heart%22%2C%22icon_ionicon%22%3A%22ios-lightbulb-outline%22%2C%22icon_color%22%3A%22%23e2e540%22%2C%22icon_size%22%3A%2248%22%2C%22tab_content%22%3A%22In%20short%2C%20this%20blog%20tries%20to%20track%20down%20all%20kinds%20of%20artistic%20surprises%20with%20greediness.%5CnIt%20collects%20them%20patiently%20%20&#8230;and%20attempts%20to%20make%20them%20sparkle%5Cn%5CnThose%20creative%20tastings%20are%20realized%20solo%20but%20more%20often%20with%20others%20and%20always%20face%20to%20face.%20Young%20people%20and%20adults%20regularly%20follow%20me%20in%20those%20exciting%20journeys.%5Cn%5CnAt%20first%2C%20we%20enjoy%20Art.%20But%20then%2C%20why%20not%20experiment%20it%20ourself%3F%5CnBut%20alone%2C%20it%20is%20not%20always%20easy!%5CnWhere%20to%20start%3F%5CnHow%20to%20do%20it%3F%5CnHow%20to%20be%20more%20creative%3F%5CnDaring%20to%20take%20this%20path%20is%20easier%20alongside%20an%20already%20seasoned%20traveler%20in%20the%20matter.%5CnFollow%20him%2Fher%20in%20all%20kinds%20of%20creative%20writings%20and%20soon%20you%20will%20be%20aware%20of%20the%20relevance%20of%20artistic%20creation%20in%20general%2C%20but%20especially%20of%20your%20own%20creations.%5CnIt%20is%20an%20unstoppable%20way%20to%20feel%20alive.%5Cn%5CnThere%20are%20so%20many%20alternatives%2C%20so%20no%20hesitation%2C%20get%20inspired%20and%20create.%22%7D%2C%7B%22tab_title%22%3A%22who%20%3F%22%2C%22icon_type%22%3A%22ionicon%22%2C%22icon_fontawesome%22%3A%22fa%20fa-adjust%22%2C%22icon_openiconic%22%3A%22vc-oi%20vc-oi-dial%22%2C%22icon_typicons%22%3A%22typcn%20typcn-adjust-brightness%22%2C%22icon_entypo%22%3A%22entypo-icon%20entypo-icon-note%22%2C%22icon_linecons%22%3A%22vc_li%20vc_li-heart%22%2C%22icon_ionicon%22%3A%22easel%22%2C%22icon_color%22%3A%22%23e2e540%22%2C%22icon_size%22%3A%2248%22%2C%22tab_content%22%3A%22few%20notes%20about%20the%20author%5Cn1962%5CnI%20was%20born%20in%20Paris%5CnFirst%20Rolling%20Stones%E2%80%99%20live%20show%20in%20London%2C%20appearance%20%2F%2F%2F%2F%2F%2F%20mini-skirt%20!!!%20%3F%3F%3F%20!!!!%5Cnit%20was%20a%20fair%20period%20&#8230;%20V%C3%A9ronique%20Egloff%20chooses%20to%20show%20the%20tip%20of%20her%20nose.%5Cn1967-1982%3A%20intensive%20education%20to%20get%20a%20better%20assessment%20of%20her%20time%5Cn1983-1985%3A%20very%20intensive%20education%20to%20get%20a%20better%20assessment%20of%20the%20globalization%20of%20the%20world%20economy%5Cn%5Cn1986-1990%3A%20jobs%20for%20a%20living%5Cn%5Cn1990-2000%3A%20major%20crisis%2C%20loses%20her%20foothold%2C%20has%20two%20babies%20and%20naively%20begins%20many%20other%20creations%20at%20once%5Cn2000%20ADMITTED%20TO%20THE%20UNLIKELY%20HOUSE%20OF%20ARTISTS%2C%5Cnstart%20with%20colored%20pencils%20to%20land%20&#8230;for%20a%20while&#8230;%20digital%5Cn%3E%3E%3E%20since%20has%20been%20experimenting%20all%20artistic%20fields%20that%20comes%20to%20her%20mind%20with%20an%20unstoppable%20patience%5Cn%5Cn%20%22%7D%5D&#8221;][\/vc_column][\/vc_row][vc_row][vc_column][tt_fancy_title title=&#8221;fresh news&#8221; subtitle=&#8221;recent posts&#8221;][\/vc_column][\/vc_row][vc_row][vc_column][tt_recent_blog_posts posts=&#8221;3&#8243; row=&#8221;3&#8243;][\/vc_column][\/vc_row]<\/p>\n","protected":false},"excerpt":{"rendered":"<p>[vc_row][vc_column][vc_basic_grid post_type=&#8221;post&#8221; max_items=&#8221;&#8221; style=&#8221;pagination&#8221; items_per_page=&#8221;8&#8243; element_width=&#8221;3&#8243; gap=&#8221;0&#8243; paging_color=&#8221;chino&#8221; item=&#8221;400&#8243; grid_id=&#8221;vc_gid:1489852071778-eab7287f-80f6-7&#8243;][tt_fancy_title title=&#8221;why this blog&#8221; subtitle=&#8221;&#8220;Always imagine your work as an opening to the world.&#8220; L\u00e9onard de Vinci&#8221;][tt_tabs_icon tab_items=&#8221;%5B%7B%22tab_title%22%3A%22For%20who%3F%22%2C%22icon_type%22%3A%22ionicon%22%2C%22icon_fontawesome%22%3A%22fa%20fa-adjust%22%2C%22icon_openiconic%22%3A%22vc-oi%20vc-oi-dial%22%2C%22icon_typicons%22%3A%22typcn%20typcn-adjust-brightness%22%2C%22icon_entypo%22%3A%22entypo-icon%20entypo-icon-note%22%2C%22icon_linecons%22%3A%22vc_li%20vc_li-heart%22%2C%22icon_ionicon%22%3A%22ios-people-outline%22%2C%22icon_color%22%3A%22%23e2e540%22%2C%22icon_size%22%3A%2248%22%2C%22tab_content%22%3A%22How%20can%20we%20talk%20about%20somebody%20who%20is%20fond%20of%20artistic%20creation%3F%5CnHere%20is%20an%20attempt%20of%20portraits%20from%20people%20I%20have%20met%3A%5Cn%5CnCheerful%2C%5CnBenevolent%2C%5CnEnlightened%2C%5CnUnselfish%2C%5CnSolidary%2C%5CnCompassionate%E2%80%A6beings.%5Cn%22%7D%2C%7B%22tab_title%22%3A%22why%20%3F%22%2C%22icon_type%22%3A%22ionicon%22%2C%22icon_fontawesome%22%3A%22fa%20fa-adjust%22%2C%22icon_openiconic%22%3A%22vc-oi%20vc-oi-dial%22%2C%22icon_typicons%22%3A%22typcn%20typcn-adjust-brightness%22%2C%22icon_entypo%22%3A%22entypo-icon%20entypo-icon-note%22%2C%22icon_linecons%22%3A%22vc_li%20vc_li-heart%22%2C%22icon_ionicon%22%3A%22ios-lightbulb-outline%22%2C%22icon_color%22%3A%22%23e2e540%22%2C%22icon_size%22%3A%2248%22%2C%22tab_content%22%3A%22In%20short%2C%20this%20blog%20tries%20to%20track%20down%20all%20kinds%20of%20artistic%20surprises%20with%20greediness.%5CnIt%20collects%20them%20patiently%20%20&#8230;and%20attempts%20to%20make%20them%20sparkle%5Cn%5CnThose%20creative%20tastings%20are%20realized%20solo%20but%20more%20often%20with%20others%20and%20always%20face%20to%20face.%20Young%20people%20and%20adults%20regularly%20follow%20me%20in%20those%20exciting%20journeys.%5Cn%5CnAt%20first%2C%20we%20enjoy%20Art.%20But%20then%2C%20why%20not%20experiment%20it%20ourself%3F%5CnBut%20alone%2C%20it%20is%20not%20always%20easy!%5CnWhere%20to%20start%3F%5CnHow%20to%20do%20it%3F%5CnHow%20to%20be%20more%20creative%3F%5CnDaring%20to%20take%20this%20path%20is%20easier%20alongside%20an%20already%20seasoned%20traveler%20in%20the%20matter.%5CnFollow%20him%2Fher%20in%20all%20kinds%20of%20creative%20writings%20and%20soon%20you%20will%20be%20aware%20of%20the%20relevance%20of%20artistic%20creation%20in%20general%2C%20but%20especially%20of%20your%20own%20creations.%5CnIt%20is%20an%20unstoppable%20way%20to%20feel%20alive.%5Cn%5CnThere%20are%20so%20many%20alternatives%2C%20so%20no%20hesitation%2C%20get%20inspired%20and%20create.%22%7D%2C%7B%22tab_title%22%3A%22who%20%3F%22%2C%22icon_type%22%3A%22ionicon%22%2C%22icon_fontawesome%22%3A%22fa%20fa-adjust%22%2C%22icon_openiconic%22%3A%22vc-oi%20vc-oi-dial%22%2C%22icon_typicons%22%3A%22typcn%20typcn-adjust-brightness%22%2C%22icon_entypo%22%3A%22entypo-icon%20entypo-icon-note%22%2C%22icon_linecons%22%3A%22vc_li%20vc_li-heart%22%2C%22icon_ionicon%22%3A%22easel%22%2C%22icon_color%22%3A%22%23e2e540%22%2C%22icon_size%22%3A%2248%22%2C%22tab_content%22%3A%22few%20notes%20about%20the%20author%5Cn1962%5CnI%20was%20born%20in%20Paris%5CnFirst%20Rolling%20Stones%E2%80%99%20live%20show%20in%20London%2C%20appearance%20%2F%2F%2F%2F%2F%2F%20mini-skirt%20!!!%20%3F%3F%3F%20!!!!%5Cnit%20was%20a%20fair%20period%20&#8230;%20V%C3%A9ronique%20Egloff%20chooses%20to%20show%20the%20tip%20of%20her%20nose.%5Cn1967-1982%3A%20intensive%20education%20to%20get%20a%20better%20assessment%20of%20her%20time%5Cn1983-1985%3A%20very%20intensive%20education%20to%20get%20a%20better%20assessment%20of%20the%20globalization%20of%20the%20world%20economy%5Cn%5Cn1986-1990%3A%20jobs%20for%20a%20living%5Cn%5Cn1990-2000%3A%20major%20crisis%2C%20loses%20her%20foothold%2C%20has%20two%20babies%20and%20naively%20begins%20many%20other%20creations%20at%20once%5Cn2000%20ADMITTED%20TO%20THE%20UNLIKELY%20HOUSE%20OF%20ARTISTS%2C%5Cnstart%20with%20colored%20pencils%20to%20land%20&#8230;for%20a%20while&#8230;%20digital%5Cn%3E%3E%3E%20since%20has%20been%20experimenting%20all%20artistic%20fields%20that%20comes%20to%20her%20mind%20with%20an%20unstoppable%20patience%5Cn%5Cn%20%22%7D%5D&#8221;][\/vc_column][\/vc_row][vc_row][vc_column][tt_fancy_title title=&#8221;fresh news&#8221; subtitle=&#8221;recent posts&#8221;][\/vc_column][\/vc_row][vc_row][vc_column][tt_recent_blog_posts posts=&#8221;3&#8243; row=&#8221;3&#8243;][\/vc_column][\/vc_row]<a href=\"https:\/\/www.vie-artive.com\/en\/home1\/\" class=\"button-md bg-black align-center read-more\">Read more<\/a><\/p>\n","protected":false},"author":1,"featured_media":0,"parent":0,"menu_order":0,"comment_status":"closed","ping_status":"closed","template":"","meta":{"footnotes":""},"class_list":["post-2824","page","type-page","status-publish","hentry"],"yoast_head":"<!-- This site is optimized with the Yoast SEO plugin v27.5 - https:\/\/yoast.com\/product\/yoast-seo-wordpress\/ -->\n<title>Home - vie artive<\/title>\n<meta name=\"robots\" content=\"index, follow, max-snippet:-1, max-image-preview:large, max-video-preview:-1\" \/>\n<link rel=\"canonical\" href=\"https:\/\/www.vie-artive.com\/en\/\" \/>\n<meta property=\"og:locale\" content=\"en_US\" \/>\n<meta property=\"og:type\" content=\"article\" \/>\n<meta property=\"og:title\" content=\"Home - vie artive\" \/>\n<meta property=\"og:description\" content=\"[vc_row][vc_column][vc_basic_grid post_type=&#8221;post&#8221; max_items=&#8221;&#8221; style=&#8221;pagination&#8221; items_per_page=&#8221;8&#8243; element_width=&#8221;3&#8243; gap=&#8221;0&#8243; paging_color=&#8221;chino&#8221; item=&#8221;400&#8243; grid_id=&#8221;vc_gid:1489852071778-eab7287f-80f6-7&#8243;][tt_fancy_title title=&#8221;why this blog&#8221; subtitle=&#8221;&#8220;Always imagine your work as an opening to the world.&#8220; L\u00e9onard de Vinci&#8221;][tt_tabs_icon tab_items=&#8221;%5B%7B%22tab_title%22%3A%22For%20who%3F%22%2C%22icon_type%22%3A%22ionicon%22%2C%22icon_fontawesome%22%3A%22fa%20fa-adjust%22%2C%22icon_openiconic%22%3A%22vc-oi%20vc-oi-dial%22%2C%22icon_typicons%22%3A%22typcn%20typcn-adjust-brightness%22%2C%22icon_entypo%22%3A%22entypo-icon%20entypo-icon-note%22%2C%22icon_linecons%22%3A%22vc_li%20vc_li-heart%22%2C%22icon_ionicon%22%3A%22ios-people-outline%22%2C%22icon_color%22%3A%22%23e2e540%22%2C%22icon_size%22%3A%2248%22%2C%22tab_content%22%3A%22How%20can%20we%20talk%20about%20somebody%20who%20is%20fond%20of%20artistic%20creation%3F%5CnHere%20is%20an%20attempt%20of%20portraits%20from%20people%20I%20have%20met%3A%5Cn%5CnCheerful%2C%5CnBenevolent%2C%5CnEnlightened%2C%5CnUnselfish%2C%5CnSolidary%2C%5CnCompassionate%E2%80%A6beings.%5Cn%22%7D%2C%7B%22tab_title%22%3A%22why%20%3F%22%2C%22icon_type%22%3A%22ionicon%22%2C%22icon_fontawesome%22%3A%22fa%20fa-adjust%22%2C%22icon_openiconic%22%3A%22vc-oi%20vc-oi-dial%22%2C%22icon_typicons%22%3A%22typcn%20typcn-adjust-brightness%22%2C%22icon_entypo%22%3A%22entypo-icon%20entypo-icon-note%22%2C%22icon_linecons%22%3A%22vc_li%20vc_li-heart%22%2C%22icon_ionicon%22%3A%22ios-lightbulb-outline%22%2C%22icon_color%22%3A%22%23e2e540%22%2C%22icon_size%22%3A%2248%22%2C%22tab_content%22%3A%22In%20short%2C%20this%20blog%20tries%20to%20track%20down%20all%20kinds%20of%20artistic%20surprises%20with%20greediness.%5CnIt%20collects%20them%20patiently%20%20&#8230;and%20attempts%20to%20make%20them%20sparkle%5Cn%5CnThose%20creative%20tastings%20are%20realized%20solo%20but%20more%20often%20with%20others%20and%20always%20face%20to%20face.%20Young%20people%20and%20adults%20regularly%20follow%20me%20in%20those%20exciting%20journeys.%5Cn%5CnAt%20first%2C%20we%20enjoy%20Art.%20But%20then%2C%20why%20not%20experiment%20it%20ourself%3F%5CnBut%20alone%2C%20it%20is%20not%20always%20easy!%5CnWhere%20to%20start%3F%5CnHow%20to%20do%20it%3F%5CnHow%20to%20be%20more%20creative%3F%5CnDaring%20to%20take%20this%20path%20is%20easier%20alongside%20an%20already%20seasoned%20traveler%20in%20the%20matter.%5CnFollow%20him%2Fher%20in%20all%20kinds%20of%20creative%20writings%20and%20soon%20you%20will%20be%20aware%20of%20the%20relevance%20of%20artistic%20creation%20in%20general%2C%20but%20especially%20of%20your%20own%20creations.%5CnIt%20is%20an%20unstoppable%20way%20to%20feel%20alive.%5Cn%5CnThere%20are%20so%20many%20alternatives%2C%20so%20no%20hesitation%2C%20get%20inspired%20and%20create.%22%7D%2C%7B%22tab_title%22%3A%22who%20%3F%22%2C%22icon_type%22%3A%22ionicon%22%2C%22icon_fontawesome%22%3A%22fa%20fa-adjust%22%2C%22icon_openiconic%22%3A%22vc-oi%20vc-oi-dial%22%2C%22icon_typicons%22%3A%22typcn%20typcn-adjust-brightness%22%2C%22icon_entypo%22%3A%22entypo-icon%20entypo-icon-note%22%2C%22icon_linecons%22%3A%22vc_li%20vc_li-heart%22%2C%22icon_ionicon%22%3A%22easel%22%2C%22icon_color%22%3A%22%23e2e540%22%2C%22icon_size%22%3A%2248%22%2C%22tab_content%22%3A%22few%20notes%20about%20the%20author%5Cn1962%5CnI%20was%20born%20in%20Paris%5CnFirst%20Rolling%20Stones%E2%80%99%20live%20show%20in%20London%2C%20appearance%20%2F%2F%2F%2F%2F%2F%20mini-skirt%20!!!%20%3F%3F%3F%20!!!!%5Cnit%20was%20a%20fair%20period%20&#8230;%20V%C3%A9ronique%20Egloff%20chooses%20to%20show%20the%20tip%20of%20her%20nose.%5Cn1967-1982%3A%20intensive%20education%20to%20get%20a%20better%20assessment%20of%20her%20time%5Cn1983-1985%3A%20very%20intensive%20education%20to%20get%20a%20better%20assessment%20of%20the%20globalization%20of%20the%20world%20economy%5Cn%5Cn1986-1990%3A%20jobs%20for%20a%20living%5Cn%5Cn1990-2000%3A%20major%20crisis%2C%20loses%20her%20foothold%2C%20has%20two%20babies%20and%20naively%20begins%20many%20other%20creations%20at%20once%5Cn2000%20ADMITTED%20TO%20THE%20UNLIKELY%20HOUSE%20OF%20ARTISTS%2C%5Cnstart%20with%20colored%20pencils%20to%20land%20&#8230;for%20a%20while&#8230;%20digital%5Cn%3E%3E%3E%20since%20has%20been%20experimenting%20all%20artistic%20fields%20that%20comes%20to%20her%20mind%20with%20an%20unstoppable%20patience%5Cn%5Cn%20%22%7D%5D&#8221;][\/vc_column][\/vc_row][vc_row][vc_column][tt_fancy_title title=&#8221;fresh news&#8221; subtitle=&#8221;recent posts&#8221;][\/vc_column][\/vc_row][vc_row][vc_column][tt_recent_blog_posts posts=&#8221;3&#8243; row=&#8221;3&#8243;][\/vc_column][\/vc_row]Read more\" \/>\n<meta property=\"og:url\" content=\"https:\/\/www.vie-artive.com\/en\/\" \/>\n<meta property=\"og:site_name\" content=\"vie artive\" \/>\n<meta property=\"article:publisher\" content=\"https:\/\/www.facebook.com\/vieartive.v.egloff\/\" \/>\n<meta property=\"article:modified_time\" content=\"2017-03-18T15:54:14+00:00\" \/>\n<meta name=\"twitter:card\" content=\"summary_large_image\" \/>\n<meta name=\"twitter:label1\" content=\"Est. reading time\" \/>\n\t<meta name=\"twitter:data1\" content=\"3 minutes\" \/>\n<script type=\"application\/ld+json\" class=\"yoast-schema-graph\">{\"@context\":\"https:\\\/\\\/schema.org\",\"@graph\":[{\"@type\":\"WebPage\",\"@id\":\"https:\\\/\\\/www.vie-artive.com\\\/en\\\/\",\"url\":\"https:\\\/\\\/www.vie-artive.com\\\/en\\\/\",\"name\":\"Home - vie artive\",\"isPartOf\":{\"@id\":\"https:\\\/\\\/www.vie-artive.com\\\/#website\"},\"datePublished\":\"2016-10-03T10:50:45+00:00\",\"dateModified\":\"2017-03-18T15:54:14+00:00\",\"breadcrumb\":{\"@id\":\"https:\\\/\\\/www.vie-artive.com\\\/en\\\/#breadcrumb\"},\"inLanguage\":\"en-US\",\"potentialAction\":[{\"@type\":\"ReadAction\",\"target\":[\"https:\\\/\\\/www.vie-artive.com\\\/en\\\/\"]}]},{\"@type\":\"BreadcrumbList\",\"@id\":\"https:\\\/\\\/www.vie-artive.com\\\/en\\\/#breadcrumb\",\"itemListElement\":[{\"@type\":\"ListItem\",\"position\":1,\"name\":\"Accueil\",\"item\":\"https:\\\/\\\/www.vie-artive.com\\\/en\\\/\"},{\"@type\":\"ListItem\",\"position\":2,\"name\":\"Home\"}]},{\"@type\":\"WebSite\",\"@id\":\"https:\\\/\\\/www.vie-artive.com\\\/#website\",\"url\":\"https:\\\/\\\/www.vie-artive.com\\\/\",\"name\":\"vie artive\",\"description\":\"art visuel-cr\u00e9ativit\u00e9-soci\u00e9t\u00e9\",\"potentialAction\":[{\"@type\":\"SearchAction\",\"target\":{\"@type\":\"EntryPoint\",\"urlTemplate\":\"https:\\\/\\\/www.vie-artive.com\\\/?s={search_term_string}\"},\"query-input\":{\"@type\":\"PropertyValueSpecification\",\"valueRequired\":true,\"valueName\":\"search_term_string\"}}],\"inLanguage\":\"en-US\"}]}<\/script>\n<!-- \/ Yoast SEO plugin. -->","yoast_head_json":{"title":"Home - vie artive","robots":{"index":"index","follow":"follow","max-snippet":"max-snippet:-1","max-image-preview":"max-image-preview:large","max-video-preview":"max-video-preview:-1"},"canonical":"https:\/\/www.vie-artive.com\/en\/","og_locale":"en_US","og_type":"article","og_title":"Home - vie artive","og_description":"[vc_row][vc_column][vc_basic_grid post_type=&#8221;post&#8221; max_items=&#8221;&#8221; style=&#8221;pagination&#8221; items_per_page=&#8221;8&#8243; element_width=&#8221;3&#8243; gap=&#8221;0&#8243; paging_color=&#8221;chino&#8221; item=&#8221;400&#8243; grid_id=&#8221;vc_gid:1489852071778-eab7287f-80f6-7&#8243;][tt_fancy_title title=&#8221;why this blog&#8221; subtitle=&#8221;&#8220;Always imagine your work as an opening to the world.&#8220; L\u00e9onard de Vinci&#8221;][tt_tabs_icon tab_items=&#8221;%5B%7B%22tab_title%22%3A%22For%20who%3F%22%2C%22icon_type%22%3A%22ionicon%22%2C%22icon_fontawesome%22%3A%22fa%20fa-adjust%22%2C%22icon_openiconic%22%3A%22vc-oi%20vc-oi-dial%22%2C%22icon_typicons%22%3A%22typcn%20typcn-adjust-brightness%22%2C%22icon_entypo%22%3A%22entypo-icon%20entypo-icon-note%22%2C%22icon_linecons%22%3A%22vc_li%20vc_li-heart%22%2C%22icon_ionicon%22%3A%22ios-people-outline%22%2C%22icon_color%22%3A%22%23e2e540%22%2C%22icon_size%22%3A%2248%22%2C%22tab_content%22%3A%22How%20can%20we%20talk%20about%20somebody%20who%20is%20fond%20of%20artistic%20creation%3F%5CnHere%20is%20an%20attempt%20of%20portraits%20from%20people%20I%20have%20met%3A%5Cn%5CnCheerful%2C%5CnBenevolent%2C%5CnEnlightened%2C%5CnUnselfish%2C%5CnSolidary%2C%5CnCompassionate%E2%80%A6beings.%5Cn%22%7D%2C%7B%22tab_title%22%3A%22why%20%3F%22%2C%22icon_type%22%3A%22ionicon%22%2C%22icon_fontawesome%22%3A%22fa%20fa-adjust%22%2C%22icon_openiconic%22%3A%22vc-oi%20vc-oi-dial%22%2C%22icon_typicons%22%3A%22typcn%20typcn-adjust-brightness%22%2C%22icon_entypo%22%3A%22entypo-icon%20entypo-icon-note%22%2C%22icon_linecons%22%3A%22vc_li%20vc_li-heart%22%2C%22icon_ionicon%22%3A%22ios-lightbulb-outline%22%2C%22icon_color%22%3A%22%23e2e540%22%2C%22icon_size%22%3A%2248%22%2C%22tab_content%22%3A%22In%20short%2C%20this%20blog%20tries%20to%20track%20down%20all%20kinds%20of%20artistic%20surprises%20with%20greediness.%5CnIt%20collects%20them%20patiently%20%20&#8230;and%20attempts%20to%20make%20them%20sparkle%5Cn%5CnThose%20creative%20tastings%20are%20realized%20solo%20but%20more%20often%20with%20others%20and%20always%20face%20to%20face.%20Young%20people%20and%20adults%20regularly%20follow%20me%20in%20those%20exciting%20journeys.%5Cn%5CnAt%20first%2C%20we%20enjoy%20Art.%20But%20then%2C%20why%20not%20experiment%20it%20ourself%3F%5CnBut%20alone%2C%20it%20is%20not%20always%20easy!%5CnWhere%20to%20start%3F%5CnHow%20to%20do%20it%3F%5CnHow%20to%20be%20more%20creative%3F%5CnDaring%20to%20take%20this%20path%20is%20easier%20alongside%20an%20already%20seasoned%20traveler%20in%20the%20matter.%5CnFollow%20him%2Fher%20in%20all%20kinds%20of%20creative%20writings%20and%20soon%20you%20will%20be%20aware%20of%20the%20relevance%20of%20artistic%20creation%20in%20general%2C%20but%20especially%20of%20your%20own%20creations.%5CnIt%20is%20an%20unstoppable%20way%20to%20feel%20alive.%5Cn%5CnThere%20are%20so%20many%20alternatives%2C%20so%20no%20hesitation%2C%20get%20inspired%20and%20create.%22%7D%2C%7B%22tab_title%22%3A%22who%20%3F%22%2C%22icon_type%22%3A%22ionicon%22%2C%22icon_fontawesome%22%3A%22fa%20fa-adjust%22%2C%22icon_openiconic%22%3A%22vc-oi%20vc-oi-dial%22%2C%22icon_typicons%22%3A%22typcn%20typcn-adjust-brightness%22%2C%22icon_entypo%22%3A%22entypo-icon%20entypo-icon-note%22%2C%22icon_linecons%22%3A%22vc_li%20vc_li-heart%22%2C%22icon_ionicon%22%3A%22easel%22%2C%22icon_color%22%3A%22%23e2e540%22%2C%22icon_size%22%3A%2248%22%2C%22tab_content%22%3A%22few%20notes%20about%20the%20author%5Cn1962%5CnI%20was%20born%20in%20Paris%5CnFirst%20Rolling%20Stones%E2%80%99%20live%20show%20in%20London%2C%20appearance%20%2F%2F%2F%2F%2F%2F%20mini-skirt%20!!!%20%3F%3F%3F%20!!!!%5Cnit%20was%20a%20fair%20period%20&#8230;%20V%C3%A9ronique%20Egloff%20chooses%20to%20show%20the%20tip%20of%20her%20nose.%5Cn1967-1982%3A%20intensive%20education%20to%20get%20a%20better%20assessment%20of%20her%20time%5Cn1983-1985%3A%20very%20intensive%20education%20to%20get%20a%20better%20assessment%20of%20the%20globalization%20of%20the%20world%20economy%5Cn%5Cn1986-1990%3A%20jobs%20for%20a%20living%5Cn%5Cn1990-2000%3A%20major%20crisis%2C%20loses%20her%20foothold%2C%20has%20two%20babies%20and%20naively%20begins%20many%20other%20creations%20at%20once%5Cn2000%20ADMITTED%20TO%20THE%20UNLIKELY%20HOUSE%20OF%20ARTISTS%2C%5Cnstart%20with%20colored%20pencils%20to%20land%20&#8230;for%20a%20while&#8230;%20digital%5Cn%3E%3E%3E%20since%20has%20been%20experimenting%20all%20artistic%20fields%20that%20comes%20to%20her%20mind%20with%20an%20unstoppable%20patience%5Cn%5Cn%20%22%7D%5D&#8221;][\/vc_column][\/vc_row][vc_row][vc_column][tt_fancy_title title=&#8221;fresh news&#8221; subtitle=&#8221;recent posts&#8221;][\/vc_column][\/vc_row][vc_row][vc_column][tt_recent_blog_posts posts=&#8221;3&#8243; row=&#8221;3&#8243;][\/vc_column][\/vc_row]Read more","og_url":"https:\/\/www.vie-artive.com\/en\/","og_site_name":"vie artive","article_publisher":"https:\/\/www.facebook.com\/vieartive.v.egloff\/","article_modified_time":"2017-03-18T15:54:14+00:00","twitter_card":"summary_large_image","twitter_misc":{"Est. reading time":"3 minutes"},"schema":{"@context":"https:\/\/schema.org","@graph":[{"@type":"WebPage","@id":"https:\/\/www.vie-artive.com\/en\/","url":"https:\/\/www.vie-artive.com\/en\/","name":"Home - vie artive","isPartOf":{"@id":"https:\/\/www.vie-artive.com\/#website"},"datePublished":"2016-10-03T10:50:45+00:00","dateModified":"2017-03-18T15:54:14+00:00","breadcrumb":{"@id":"https:\/\/www.vie-artive.com\/en\/#breadcrumb"},"inLanguage":"en-US","potentialAction":[{"@type":"ReadAction","target":["https:\/\/www.vie-artive.com\/en\/"]}]},{"@type":"BreadcrumbList","@id":"https:\/\/www.vie-artive.com\/en\/#breadcrumb","itemListElement":[{"@type":"ListItem","position":1,"name":"Accueil","item":"https:\/\/www.vie-artive.com\/en\/"},{"@type":"ListItem","position":2,"name":"Home"}]},{"@type":"WebSite","@id":"https:\/\/www.vie-artive.com\/#website","url":"https:\/\/www.vie-artive.com\/","name":"vie artive","description":"art visuel-cr\u00e9ativit\u00e9-soci\u00e9t\u00e9","potentialAction":[{"@type":"SearchAction","target":{"@type":"EntryPoint","urlTemplate":"https:\/\/www.vie-artive.com\/?s={search_term_string}"},"query-input":{"@type":"PropertyValueSpecification","valueRequired":true,"valueName":"search_term_string"}}],"inLanguage":"en-US"}]}},"_links":{"self":[{"href":"https:\/\/www.vie-artive.com\/en\/wp-json\/wp\/v2\/pages\/2824","targetHints":{"allow":["GET"]}}],"collection":[{"href":"https:\/\/www.vie-artive.com\/en\/wp-json\/wp\/v2\/pages"}],"about":[{"href":"https:\/\/www.vie-artive.com\/en\/wp-json\/wp\/v2\/types\/page"}],"author":[{"embeddable":true,"href":"https:\/\/www.vie-artive.com\/en\/wp-json\/wp\/v2\/users\/1"}],"replies":[{"embeddable":true,"href":"https:\/\/www.vie-artive.com\/en\/wp-json\/wp\/v2\/comments?post=2824"}],"version-history":[{"count":35,"href":"https:\/\/www.vie-artive.com\/en\/wp-json\/wp\/v2\/pages\/2824\/revisions"}],"predecessor-version":[{"id":3488,"href":"https:\/\/www.vie-artive.com\/en\/wp-json\/wp\/v2\/pages\/2824\/revisions\/3488"}],"wp:attachment":[{"href":"https:\/\/www.vie-artive.com\/en\/wp-json\/wp\/v2\/media?parent=2824"}],"curies":[{"name":"wp","href":"https:\/\/api.w.org\/{rel}","templated":true}]}}