{"id":2873,"date":"2016-10-04T11:15:14","date_gmt":"2016-10-04T09:15:14","guid":{"rendered":"http:\/\/www.vie-artive.com\/en\/?page_id=2873"},"modified":"2017-01-11T13:55:05","modified_gmt":"2017-01-11T11:55:05","slug":"contacts","status":"publish","type":"page","link":"https:\/\/www.vie-artive.com\/en\/contacts\/","title":{"rendered":"Contact"},"content":{"rendered":"<p>[vc_row full_width=&#8221;stretch_row&#8221; map_bg=&#8221;yes&#8221; map_latitude=&#8221;43.8959071&#8243; map_longitude=&#8221;5.2203558&#8243; map_zoom=&#8221;18&#8243; map_pin=&#8221;33&#8243; row_text=&#8221;&#8221; id=&#8221;&#8221; row_title=&#8221;&#8221; css=&#8221;.vc_custom_1443444755706{padding-bottom: 0px !important;}&#8221;][vc_column width=&#8221;2\/3&#8243;][\/vc_column][vc_column width=&#8221;1\/3&#8243;][tt_contact_info contact_items=&#8221;%5B%7B%22info_title%22%3A%22Mail%22%2C%22icon_type%22%3A%22ionicon%22%2C%22icon_fontawesome%22%3A%22fa%20fa-adjust%22%2C%22icon_openiconic%22%3A%22vc-oi%20vc-oi-dial%22%2C%22icon_typicons%22%3A%22typcn%20typcn-adjust-brightness%22%2C%22icon_entypo%22%3A%22entypo-icon%20entypo-icon-cancel-squared%22%2C%22icon_linecons%22%3A%22vc_li%20vc_li-heart%22%2C%22icon_ionicon%22%3A%22ios-email-outline%22%2C%22icon_color%22%3A%22%235b5b5b%22%2C%22icon_size%22%3A%2248%22%2C%22info_text%22%3A%22veronique(at)vie-artive(point)com%22%7D%2C%7B%22info_title%22%3A%22Adresse%22%2C%22icon_type%22%3A%22ionicon%22%2C%22icon_fontawesome%22%3A%22fa%20fa-adjust%22%2C%22icon_openiconic%22%3A%22vc-oi%20vc-oi-dial%22%2C%22icon_typicons%22%3A%22typcn%20typcn-adjust-brightness%22%2C%22icon_entypo%22%3A%22entypo-icon%20entypo-icon-note%22%2C%22icon_linecons%22%3A%22vc_li%20vc_li-heart%22%2C%22icon_ionicon%22%3A%22ios-location-outline%22%2C%22icon_color%22%3A%22%235b5b5b%22%2C%22icon_size%22%3A%2248%22%2C%22info_text%22%3A%22Provence%20%3Cbr%3E%5CnFRANCE%22%7D%5D&#8221; css=&#8221;.vc_custom_1484135697638{margin-top: 50px !important;margin-bottom: 50px !important;background-color: #ffffff !important;}&#8221;][\/vc_column][\/vc_row][vc_row full_width=&#8221;stretch_row&#8221;][vc_column][tt_fancy_title title=&#8221;questions, join me&#8221; subtitle=&#8221;CONTACT FORM&#8221;][\/vc_column][vc_column width=&#8221;1\/2&#8243; offset=&#8221;vc_col-sm-offset-3&#8243; css=&#8221;.vc_custom_1441978609267{margin-top: 50px !important;}&#8221;][tt_contact_form email=&#8221;veronique(at)vie-artive(point)com&#8221;][\/vc_column][\/vc_row][vc_row][vc_column][vc_column_text]<\/p>\n<p><span style=\"border-radius: 2px; text-indent: 20px; width: auto; padding: 0px 4px 0px 0px; text-align: center; font: bold 11px\/20px 'Helvetica Neue',Helvetica,sans-serif; color: #ffffff; background: #bd081c no-repeat scroll 3px 50% \/ 14px 14px; position: absolute; opacity: 1; z-index: 8675309; display: none; cursor: pointer;\">Enregistrer<\/span><\/p>\n<p><span style=\"border-radius: 2px; text-indent: 20px; width: auto; padding: 0px 4px 0px 0px; text-align: center; font: bold 11px\/20px 'Helvetica Neue',Helvetica,sans-serif; color: #ffffff; background: #bd081c no-repeat scroll 3px 50% \/ 14px 14px; position: absolute; opacity: 1; z-index: 8675309; display: none; cursor: pointer;\">Enregistrer<\/span><\/p>\n<p><span style=\"border-radius: 2px; text-indent: 20px; width: auto; padding: 0px 4px 0px 0px; text-align: center; font: bold 11px\/20px 'Helvetica Neue',Helvetica,sans-serif; color: #ffffff; background: #bd081c no-repeat scroll 3px 50% \/ 14px 14px; position: absolute; opacity: 1; z-index: 8675309; display: none; cursor: pointer;\">Enregistrer<\/span>[\/vc_column_text][\/vc_column][\/vc_row]<\/p>\n","protected":false},"excerpt":{"rendered":"<p>[vc_row full_width=&#8221;stretch_row&#8221; map_bg=&#8221;yes&#8221; map_latitude=&#8221;43.8959071&#8243; map_longitude=&#8221;5.2203558&#8243; map_zoom=&#8221;18&#8243; map_pin=&#8221;33&#8243; row_text=&#8221;&#8221; id=&#8221;&#8221; row_title=&#8221;&#8221; css=&#8221;.vc_custom_1443444755706{padding-bottom: 0px !important;}&#8221;][vc_column width=&#8221;2\/3&#8243;][\/vc_column][vc_column width=&#8221;1\/3&#8243;][tt_contact_info contact_items=&#8221;%5B%7B%22info_title%22%3A%22Mail%22%2C%22icon_type%22%3A%22ionicon%22%2C%22icon_fontawesome%22%3A%22fa%20fa-adjust%22%2C%22icon_openiconic%22%3A%22vc-oi%20vc-oi-dial%22%2C%22icon_typicons%22%3A%22typcn%20typcn-adjust-brightness%22%2C%22icon_entypo%22%3A%22entypo-icon%20entypo-icon-cancel-squared%22%2C%22icon_linecons%22%3A%22vc_li%20vc_li-heart%22%2C%22icon_ionicon%22%3A%22ios-email-outline%22%2C%22icon_color%22%3A%22%235b5b5b%22%2C%22icon_size%22%3A%2248%22%2C%22info_text%22%3A%22veronique(at)vie-artive(point)com%22%7D%2C%7B%22info_title%22%3A%22Adresse%22%2C%22icon_type%22%3A%22ionicon%22%2C%22icon_fontawesome%22%3A%22fa%20fa-adjust%22%2C%22icon_openiconic%22%3A%22vc-oi%20vc-oi-dial%22%2C%22icon_typicons%22%3A%22typcn%20typcn-adjust-brightness%22%2C%22icon_entypo%22%3A%22entypo-icon%20entypo-icon-note%22%2C%22icon_linecons%22%3A%22vc_li%20vc_li-heart%22%2C%22icon_ionicon%22%3A%22ios-location-outline%22%2C%22icon_color%22%3A%22%235b5b5b%22%2C%22icon_size%22%3A%2248%22%2C%22info_text%22%3A%22Provence%20%3Cbr%3E%5CnFRANCE%22%7D%5D&#8221; css=&#8221;.vc_custom_1484135697638{margin-top: 50px !important;margin-bottom: 50px !important;background-color: #ffffff !important;}&#8221;][\/vc_column][\/vc_row][vc_row full_width=&#8221;stretch_row&#8221;][vc_column][tt_fancy_title title=&#8221;questions, join me&#8221; subtitle=&#8221;CONTACT FORM&#8221;][\/vc_column][vc_column width=&#8221;1\/2&#8243; offset=&#8221;vc_col-sm-offset-3&#8243; css=&#8221;.vc_custom_1441978609267{margin-top: 50px !important;}&#8221;][tt_contact_form email=&#8221;veronique(at)vie-artive(point)com&#8221;][\/vc_column][\/vc_row][vc_row][vc_column][vc_column_text] Enregistrer Enregistrer Enregistrer[\/vc_column_text][\/vc_column][\/vc_row]<a href=\"https:\/\/www.vie-artive.com\/en\/contacts\/\" class=\"button-md bg-black align-center read-more\">Read more<\/a><\/p>\n","protected":false},"author":1,"featured_media":0,"parent":0,"menu_order":5,"comment_status":"closed","ping_status":"closed","template":"","meta":{"footnotes":""},"class_list":["post-2873","page","type-page","status-publish","hentry"],"yoast_head":"<!-- This site is optimized with the Yoast SEO plugin v27.4 - https:\/\/yoast.com\/product\/yoast-seo-wordpress\/ -->\n<title>Contact - vie artive<\/title>\n<meta name=\"robots\" content=\"index, follow, max-snippet:-1, max-image-preview:large, max-video-preview:-1\" \/>\n<link rel=\"canonical\" href=\"https:\/\/www.vie-artive.com\/en\/contacts\/\" \/>\n<meta property=\"og:locale\" content=\"en_US\" \/>\n<meta property=\"og:type\" content=\"article\" \/>\n<meta property=\"og:title\" content=\"Contact - vie artive\" \/>\n<meta property=\"og:description\" content=\"[vc_row full_width=&#8221;stretch_row&#8221; map_bg=&#8221;yes&#8221; map_latitude=&#8221;43.8959071&#8243; map_longitude=&#8221;5.2203558&#8243; map_zoom=&#8221;18&#8243; map_pin=&#8221;33&#8243; row_text=&#8221;&#8221; id=&#8221;&#8221; row_title=&#8221;&#8221; css=&#8221;.vc_custom_1443444755706{padding-bottom: 0px !important;}&#8221;][vc_column width=&#8221;2\/3&#8243;][\/vc_column][vc_column width=&#8221;1\/3&#8243;][tt_contact_info contact_items=&#8221;%5B%7B%22info_title%22%3A%22Mail%22%2C%22icon_type%22%3A%22ionicon%22%2C%22icon_fontawesome%22%3A%22fa%20fa-adjust%22%2C%22icon_openiconic%22%3A%22vc-oi%20vc-oi-dial%22%2C%22icon_typicons%22%3A%22typcn%20typcn-adjust-brightness%22%2C%22icon_entypo%22%3A%22entypo-icon%20entypo-icon-cancel-squared%22%2C%22icon_linecons%22%3A%22vc_li%20vc_li-heart%22%2C%22icon_ionicon%22%3A%22ios-email-outline%22%2C%22icon_color%22%3A%22%235b5b5b%22%2C%22icon_size%22%3A%2248%22%2C%22info_text%22%3A%22veronique(at)vie-artive(point)com%22%7D%2C%7B%22info_title%22%3A%22Adresse%22%2C%22icon_type%22%3A%22ionicon%22%2C%22icon_fontawesome%22%3A%22fa%20fa-adjust%22%2C%22icon_openiconic%22%3A%22vc-oi%20vc-oi-dial%22%2C%22icon_typicons%22%3A%22typcn%20typcn-adjust-brightness%22%2C%22icon_entypo%22%3A%22entypo-icon%20entypo-icon-note%22%2C%22icon_linecons%22%3A%22vc_li%20vc_li-heart%22%2C%22icon_ionicon%22%3A%22ios-location-outline%22%2C%22icon_color%22%3A%22%235b5b5b%22%2C%22icon_size%22%3A%2248%22%2C%22info_text%22%3A%22Provence%20%3Cbr%3E%5CnFRANCE%22%7D%5D&#8221; css=&#8221;.vc_custom_1484135697638{margin-top: 50px !important;margin-bottom: 50px !important;background-color: #ffffff !important;}&#8221;][\/vc_column][\/vc_row][vc_row full_width=&#8221;stretch_row&#8221;][vc_column][tt_fancy_title title=&#8221;questions, join me&#8221; subtitle=&#8221;CONTACT FORM&#8221;][\/vc_column][vc_column width=&#8221;1\/2&#8243; offset=&#8221;vc_col-sm-offset-3&#8243; css=&#8221;.vc_custom_1441978609267{margin-top: 50px !important;}&#8221;][tt_contact_form email=&#8221;veronique(at)vie-artive(point)com&#8221;][\/vc_column][\/vc_row][vc_row][vc_column][vc_column_text] Enregistrer Enregistrer Enregistrer[\/vc_column_text][\/vc_column][\/vc_row]Read more\" \/>\n<meta property=\"og:url\" content=\"https:\/\/www.vie-artive.com\/en\/contacts\/\" \/>\n<meta property=\"og:site_name\" content=\"vie artive\" \/>\n<meta property=\"article:publisher\" content=\"https:\/\/www.facebook.com\/vieartive.v.egloff\/\" \/>\n<meta property=\"article:modified_time\" content=\"2017-01-11T11:55:05+00:00\" \/>\n<meta name=\"twitter:card\" content=\"summary_large_image\" \/>\n<meta name=\"twitter:label1\" content=\"Est. reading time\" \/>\n\t<meta name=\"twitter:data1\" content=\"1 minute\" \/>\n<script type=\"application\/ld+json\" class=\"yoast-schema-graph\">{\"@context\":\"https:\\\/\\\/schema.org\",\"@graph\":[{\"@type\":\"WebPage\",\"@id\":\"https:\\\/\\\/www.vie-artive.com\\\/en\\\/contacts\\\/\",\"url\":\"https:\\\/\\\/www.vie-artive.com\\\/en\\\/contacts\\\/\",\"name\":\"Contact - vie artive\",\"isPartOf\":{\"@id\":\"https:\\\/\\\/www.vie-artive.com\\\/#website\"},\"datePublished\":\"2016-10-04T09:15:14+00:00\",\"dateModified\":\"2017-01-11T11:55:05+00:00\",\"breadcrumb\":{\"@id\":\"https:\\\/\\\/www.vie-artive.com\\\/en\\\/contacts\\\/#breadcrumb\"},\"inLanguage\":\"en-US\",\"potentialAction\":[{\"@type\":\"ReadAction\",\"target\":[\"https:\\\/\\\/www.vie-artive.com\\\/en\\\/contacts\\\/\"]}]},{\"@type\":\"BreadcrumbList\",\"@id\":\"https:\\\/\\\/www.vie-artive.com\\\/en\\\/contacts\\\/#breadcrumb\",\"itemListElement\":[{\"@type\":\"ListItem\",\"position\":1,\"name\":\"Accueil\",\"item\":\"https:\\\/\\\/www.vie-artive.com\\\/en\\\/\"},{\"@type\":\"ListItem\",\"position\":2,\"name\":\"Contact\"}]},{\"@type\":\"WebSite\",\"@id\":\"https:\\\/\\\/www.vie-artive.com\\\/#website\",\"url\":\"https:\\\/\\\/www.vie-artive.com\\\/\",\"name\":\"vie artive\",\"description\":\"art visuel-cr\u00e9ativit\u00e9-soci\u00e9t\u00e9\",\"potentialAction\":[{\"@type\":\"SearchAction\",\"target\":{\"@type\":\"EntryPoint\",\"urlTemplate\":\"https:\\\/\\\/www.vie-artive.com\\\/?s={search_term_string}\"},\"query-input\":{\"@type\":\"PropertyValueSpecification\",\"valueRequired\":true,\"valueName\":\"search_term_string\"}}],\"inLanguage\":\"en-US\"}]}<\/script>\n<!-- \/ Yoast SEO plugin. -->","yoast_head_json":{"title":"Contact - vie artive","robots":{"index":"index","follow":"follow","max-snippet":"max-snippet:-1","max-image-preview":"max-image-preview:large","max-video-preview":"max-video-preview:-1"},"canonical":"https:\/\/www.vie-artive.com\/en\/contacts\/","og_locale":"en_US","og_type":"article","og_title":"Contact - vie artive","og_description":"[vc_row full_width=&#8221;stretch_row&#8221; map_bg=&#8221;yes&#8221; map_latitude=&#8221;43.8959071&#8243; map_longitude=&#8221;5.2203558&#8243; map_zoom=&#8221;18&#8243; map_pin=&#8221;33&#8243; row_text=&#8221;&#8221; id=&#8221;&#8221; row_title=&#8221;&#8221; css=&#8221;.vc_custom_1443444755706{padding-bottom: 0px !important;}&#8221;][vc_column width=&#8221;2\/3&#8243;][\/vc_column][vc_column width=&#8221;1\/3&#8243;][tt_contact_info contact_items=&#8221;%5B%7B%22info_title%22%3A%22Mail%22%2C%22icon_type%22%3A%22ionicon%22%2C%22icon_fontawesome%22%3A%22fa%20fa-adjust%22%2C%22icon_openiconic%22%3A%22vc-oi%20vc-oi-dial%22%2C%22icon_typicons%22%3A%22typcn%20typcn-adjust-brightness%22%2C%22icon_entypo%22%3A%22entypo-icon%20entypo-icon-cancel-squared%22%2C%22icon_linecons%22%3A%22vc_li%20vc_li-heart%22%2C%22icon_ionicon%22%3A%22ios-email-outline%22%2C%22icon_color%22%3A%22%235b5b5b%22%2C%22icon_size%22%3A%2248%22%2C%22info_text%22%3A%22veronique(at)vie-artive(point)com%22%7D%2C%7B%22info_title%22%3A%22Adresse%22%2C%22icon_type%22%3A%22ionicon%22%2C%22icon_fontawesome%22%3A%22fa%20fa-adjust%22%2C%22icon_openiconic%22%3A%22vc-oi%20vc-oi-dial%22%2C%22icon_typicons%22%3A%22typcn%20typcn-adjust-brightness%22%2C%22icon_entypo%22%3A%22entypo-icon%20entypo-icon-note%22%2C%22icon_linecons%22%3A%22vc_li%20vc_li-heart%22%2C%22icon_ionicon%22%3A%22ios-location-outline%22%2C%22icon_color%22%3A%22%235b5b5b%22%2C%22icon_size%22%3A%2248%22%2C%22info_text%22%3A%22Provence%20%3Cbr%3E%5CnFRANCE%22%7D%5D&#8221; css=&#8221;.vc_custom_1484135697638{margin-top: 50px !important;margin-bottom: 50px !important;background-color: #ffffff !important;}&#8221;][\/vc_column][\/vc_row][vc_row full_width=&#8221;stretch_row&#8221;][vc_column][tt_fancy_title title=&#8221;questions, join me&#8221; subtitle=&#8221;CONTACT FORM&#8221;][\/vc_column][vc_column width=&#8221;1\/2&#8243; offset=&#8221;vc_col-sm-offset-3&#8243; css=&#8221;.vc_custom_1441978609267{margin-top: 50px !important;}&#8221;][tt_contact_form email=&#8221;veronique(at)vie-artive(point)com&#8221;][\/vc_column][\/vc_row][vc_row][vc_column][vc_column_text] Enregistrer Enregistrer Enregistrer[\/vc_column_text][\/vc_column][\/vc_row]Read more","og_url":"https:\/\/www.vie-artive.com\/en\/contacts\/","og_site_name":"vie artive","article_publisher":"https:\/\/www.facebook.com\/vieartive.v.egloff\/","article_modified_time":"2017-01-11T11:55:05+00:00","twitter_card":"summary_large_image","twitter_misc":{"Est. reading time":"1 minute"},"schema":{"@context":"https:\/\/schema.org","@graph":[{"@type":"WebPage","@id":"https:\/\/www.vie-artive.com\/en\/contacts\/","url":"https:\/\/www.vie-artive.com\/en\/contacts\/","name":"Contact - vie artive","isPartOf":{"@id":"https:\/\/www.vie-artive.com\/#website"},"datePublished":"2016-10-04T09:15:14+00:00","dateModified":"2017-01-11T11:55:05+00:00","breadcrumb":{"@id":"https:\/\/www.vie-artive.com\/en\/contacts\/#breadcrumb"},"inLanguage":"en-US","potentialAction":[{"@type":"ReadAction","target":["https:\/\/www.vie-artive.com\/en\/contacts\/"]}]},{"@type":"BreadcrumbList","@id":"https:\/\/www.vie-artive.com\/en\/contacts\/#breadcrumb","itemListElement":[{"@type":"ListItem","position":1,"name":"Accueil","item":"https:\/\/www.vie-artive.com\/en\/"},{"@type":"ListItem","position":2,"name":"Contact"}]},{"@type":"WebSite","@id":"https:\/\/www.vie-artive.com\/#website","url":"https:\/\/www.vie-artive.com\/","name":"vie artive","description":"art visuel-cr\u00e9ativit\u00e9-soci\u00e9t\u00e9","potentialAction":[{"@type":"SearchAction","target":{"@type":"EntryPoint","urlTemplate":"https:\/\/www.vie-artive.com\/?s={search_term_string}"},"query-input":{"@type":"PropertyValueSpecification","valueRequired":true,"valueName":"search_term_string"}}],"inLanguage":"en-US"}]}},"_links":{"self":[{"href":"https:\/\/www.vie-artive.com\/en\/wp-json\/wp\/v2\/pages\/2873","targetHints":{"allow":["GET"]}}],"collection":[{"href":"https:\/\/www.vie-artive.com\/en\/wp-json\/wp\/v2\/pages"}],"about":[{"href":"https:\/\/www.vie-artive.com\/en\/wp-json\/wp\/v2\/types\/page"}],"author":[{"embeddable":true,"href":"https:\/\/www.vie-artive.com\/en\/wp-json\/wp\/v2\/users\/1"}],"replies":[{"embeddable":true,"href":"https:\/\/www.vie-artive.com\/en\/wp-json\/wp\/v2\/comments?post=2873"}],"version-history":[{"count":6,"href":"https:\/\/www.vie-artive.com\/en\/wp-json\/wp\/v2\/pages\/2873\/revisions"}],"predecessor-version":[{"id":3908,"href":"https:\/\/www.vie-artive.com\/en\/wp-json\/wp\/v2\/pages\/2873\/revisions\/3908"}],"wp:attachment":[{"href":"https:\/\/www.vie-artive.com\/en\/wp-json\/wp\/v2\/media?parent=2873"}],"curies":[{"name":"wp","href":"https:\/\/api.w.org\/{rel}","templated":true}]}}